{"id":459,"date":"2017-09-07T10:03:40","date_gmt":"2017-09-07T10:03:40","guid":{"rendered":"http:\/\/grillandchow.mikado-themes.com\/?page_id=459"},"modified":"2020-08-14T14:41:35","modified_gmt":"2020-08-14T17:41:35","slug":"sabores-do-brasil","status":"publish","type":"page","link":"https:\/\/cachacatoneldeminas.com.br\/en\/sabores-do-brasil\/","title":{"rendered":"Flavors of Brazil"},"content":{"rendered":"<div class=\"vc_row wpb_row vc_row-fluid\" ><div class=\"wpb_column vc_column_container vc_col-sm-12\"><div class=\"vc_column-inner\"><div class=\"wpb_wrapper\"><div class=\"mkd-linked-images mkd-linked-images-four-images mkd-linked-images-full-height\" data-full-height=\"yes\">\t<div class=\"mkd-linked-image-holder\">\n\t\t<div class=\"mkd-linked-image-holder-inner\">\n\t\t\t<div class=\"mkd-linked-image-image-holder\">\n\t\t\t\t\t\t\t\t\t<a href=\"https:\/\/cachacatoneldeminas.com.br\/produto\/cachaca-cafe\/\" target=\"_self\">\n\t\t\t\t\t\t\t\t\t<div class=\"mkd-linked-image-image\" style=\"background-image: url(https:\/\/cachacatoneldeminas.com.br\/wp-content\/uploads\/2020\/07\/cafe-480x1000_BB.jpg);\"><\/div>\n\t\t\t\t\t<div class=\"mkd-linked-image-description-wrapper\">\n\t\t\t\t\t\t\t\t\t\t\t\t\t<div class=\"mkd-linked-image-description-inner\">\n\t\t\t\t\t\t\t\t<div class=\"mkd-linked-image-description\">\n\t\t\t\t\t\t\t\t\t\t\t\t\t\t\t\t\t\t\t<h6 class=\"mkd-linked-image-subtitle\">\n\t\t\t\t\t\t\t\t\t\t\tFlavors of Brazil\t\t\t\t\t\t\t\t\t\t<\/h6>\n\t\t\t\t\t\t\t\t\t\t\t\t\t\t\t\t\t\t\t\t\t\t\t\t\t\t\t\t<h2 class=\"mkd-linked-image-title\">\n\t\t\t\t\t\t\t\t\t\t\tCAF\u00c9\t\t\t\t\t\t\t\t\t\t<\/h2>\n\t\t\t\t\t\t\t\t\t\t\t\t\t\t\t\t\t<\/div>\n\t\t\t\t\t\t\t<\/div>\n\t\t\t\t\t\t\t\t\t\t\t<\/div>\n\t\t\t\t\t\t\t\t\t<\/a>\n\t\t\t\t\t\t\t<\/div>\n\t\t<\/div>\n\t<\/div>\n\t<div class=\"mkd-linked-image-holder\">\n\t\t<div class=\"mkd-linked-image-holder-inner\">\n\t\t\t<div class=\"mkd-linked-image-image-holder\">\n\t\t\t\t\t\t\t\t\t<a href=\"https:\/\/cachacatoneldeminas.com.br\/produto\/cachaca-cravo-e-canela\/\" target=\"_self\">\n\t\t\t\t\t\t\t\t\t<div class=\"mkd-linked-image-image\" style=\"background-image: url(https:\/\/cachacatoneldeminas.com.br\/wp-content\/uploads\/2020\/07\/canela-480x1000_BB.jpg);\"><\/div>\n\t\t\t\t\t<div class=\"mkd-linked-image-description-wrapper\">\n\t\t\t\t\t\t\t\t\t\t\t\t\t<div class=\"mkd-linked-image-description-inner\">\n\t\t\t\t\t\t\t\t<div class=\"mkd-linked-image-description\">\n\t\t\t\t\t\t\t\t\t\t\t\t\t\t\t\t\t\t\t<h6 class=\"mkd-linked-image-subtitle\">\n\t\t\t\t\t\t\t\t\t\t\tFlavors of Brazil\t\t\t\t\t\t\t\t\t\t<\/h6>\n\t\t\t\t\t\t\t\t\t\t\t\t\t\t\t\t\t\t\t\t\t\t\t\t\t\t\t\t<h2 class=\"mkd-linked-image-title\">\n\t\t\t\t\t\t\t\t\t\t\tCanela\t\t\t\t\t\t\t\t\t\t<\/h2>\n\t\t\t\t\t\t\t\t\t\t\t\t\t\t\t\t\t<\/div>\n\t\t\t\t\t\t\t<\/div>\n\t\t\t\t\t\t\t\t\t\t\t<\/div>\n\t\t\t\t\t\t\t\t\t<\/a>\n\t\t\t\t\t\t\t<\/div>\n\t\t<\/div>\n\t<\/div>\n\t<div class=\"mkd-linked-image-holder\">\n\t\t<div class=\"mkd-linked-image-holder-inner\">\n\t\t\t<div class=\"mkd-linked-image-image-holder\">\n\t\t\t\t\t\t\t\t\t<a href=\"https:\/\/cachacatoneldeminas.com.br\/produto\/cachaca-acai\/\" target=\"_self\">\n\t\t\t\t\t\t\t\t\t<div class=\"mkd-linked-image-image\" style=\"background-image: url(https:\/\/cachacatoneldeminas.com.br\/wp-content\/uploads\/2020\/07\/acai-480x1000_BB.jpg);\"><\/div>\n\t\t\t\t\t<div class=\"mkd-linked-image-description-wrapper\">\n\t\t\t\t\t\t\t\t\t\t\t\t\t<div class=\"mkd-linked-image-description-inner\">\n\t\t\t\t\t\t\t\t<div class=\"mkd-linked-image-description\">\n\t\t\t\t\t\t\t\t\t\t\t\t\t\t\t\t\t\t\t<h6 class=\"mkd-linked-image-subtitle\">\n\t\t\t\t\t\t\t\t\t\t\tFlavors of Brazil\t\t\t\t\t\t\t\t\t\t<\/h6>\n\t\t\t\t\t\t\t\t\t\t\t\t\t\t\t\t\t\t\t\t\t\t\t\t\t\t\t\t<h2 class=\"mkd-linked-image-title\">\n\t\t\t\t\t\t\t\t\t\t\tA\u00e7a\u00ed\t\t\t\t\t\t\t\t\t\t<\/h2>\n\t\t\t\t\t\t\t\t\t\t\t\t\t\t\t\t\t<\/div>\n\t\t\t\t\t\t\t<\/div>\n\t\t\t\t\t\t\t\t\t\t\t<\/div>\n\t\t\t\t\t\t\t\t\t<\/a>\n\t\t\t\t\t\t\t<\/div>\n\t\t<\/div>\n\t<\/div>\n\t<div class=\"mkd-linked-image-holder\">\n\t\t<div class=\"mkd-linked-image-holder-inner\">\n\t\t\t<div class=\"mkd-linked-image-image-holder\">\n\t\t\t\t\t\t\t\t\t<a href=\"https:\/\/cachacatoneldeminas.com.br\/produto\/cachaca-banana\/\" target=\"_self\">\n\t\t\t\t\t\t\t\t\t<div class=\"mkd-linked-image-image\" style=\"background-image: url(https:\/\/cachacatoneldeminas.com.br\/wp-content\/uploads\/2020\/07\/banana-480x1000_BB.jpg);\"><\/div>\n\t\t\t\t\t<div class=\"mkd-linked-image-description-wrapper\">\n\t\t\t\t\t\t\t\t\t\t\t\t\t<div class=\"mkd-linked-image-description-inner\">\n\t\t\t\t\t\t\t\t<div class=\"mkd-linked-image-description\">\n\t\t\t\t\t\t\t\t\t\t\t\t\t\t\t\t\t\t\t<h6 class=\"mkd-linked-image-subtitle\">\n\t\t\t\t\t\t\t\t\t\t\tFlavors of Brazil\t\t\t\t\t\t\t\t\t\t<\/h6>\n\t\t\t\t\t\t\t\t\t\t\t\t\t\t\t\t\t\t\t\t\t\t\t\t\t\t\t\t<h2 class=\"mkd-linked-image-title\">\n\t\t\t\t\t\t\t\t\t\t\tBanana\t\t\t\t\t\t\t\t\t\t<\/h2>\n\t\t\t\t\t\t\t\t\t\t\t\t\t\t\t\t\t<\/div>\n\t\t\t\t\t\t\t<\/div>\n\t\t\t\t\t\t\t\t\t\t\t<\/div>\n\t\t\t\t\t\t\t\t\t<\/a>\n\t\t\t\t\t\t\t<\/div>\n\t\t<\/div>\n\t<\/div>\n<\/div><\/div><\/div><\/div><\/div>","protected":false},"excerpt":{"rendered":"Sabores do Brasil CAF\u00c9 Sabores do Brasil Canela Sabores do Brasil A\u00e7a\u00ed Sabores do Brasil Banana","protected":false},"author":1,"featured_media":0,"parent":0,"menu_order":0,"comment_status":"closed","ping_status":"closed","template":"full-width.php","meta":{"om_disable_all_campaigns":false,"_monsterinsights_skip_tracking":false,"_monsterinsights_sitenote_active":false,"_monsterinsights_sitenote_note":"","_monsterinsights_sitenote_category":0,"footnotes":""},"class_list":["post-459","page","type-page","status-publish","hentry"],"aioseo_notices":[],"_links":{"self":[{"href":"https:\/\/cachacatoneldeminas.com.br\/en\/wp-json\/wp\/v2\/pages\/459","targetHints":{"allow":["GET"]}}],"collection":[{"href":"https:\/\/cachacatoneldeminas.com.br\/en\/wp-json\/wp\/v2\/pages"}],"about":[{"href":"https:\/\/cachacatoneldeminas.com.br\/en\/wp-json\/wp\/v2\/types\/page"}],"author":[{"embeddable":true,"href":"https:\/\/cachacatoneldeminas.com.br\/en\/wp-json\/wp\/v2\/users\/1"}],"replies":[{"embeddable":true,"href":"https:\/\/cachacatoneldeminas.com.br\/en\/wp-json\/wp\/v2\/comments?post=459"}],"version-history":[{"count":6,"href":"https:\/\/cachacatoneldeminas.com.br\/en\/wp-json\/wp\/v2\/pages\/459\/revisions"}],"predecessor-version":[{"id":3062,"href":"https:\/\/cachacatoneldeminas.com.br\/en\/wp-json\/wp\/v2\/pages\/459\/revisions\/3062"}],"wp:attachment":[{"href":"https:\/\/cachacatoneldeminas.com.br\/en\/wp-json\/wp\/v2\/media?parent=459"}],"curies":[{"name":"wp","href":"https:\/\/api.w.org\/{rel}","templated":true}]}}