{"id":781,"date":"2017-09-18T08:22:49","date_gmt":"2017-09-18T08:22:49","guid":{"rendered":"http:\/\/grillandchow.mikado-themes.com\/?page_id=781"},"modified":"2020-10-14T10:53:48","modified_gmt":"2020-10-14T13:53:48","slug":"nossa-historia","status":"publish","type":"page","link":"https:\/\/cachacatoneldeminas.com.br\/en\/nossa-historia\/","title":{"rendered":"OUR HISTORY"},"content":{"rendered":"<div class=\"mkd-row-grid-section-wrapper\"  ><div class=\"mkd-row-grid-section\"><div class=\"vc_row wpb_row vc_row-fluid vc_custom_1507283620189\" ><div class=\"wpb_column vc_column_container vc_col-sm-12\"><div class=\"vc_column-inner\"><div class=\"wpb_wrapper\"><div class=\"mkd-workflow mkd-workflow-animate\">\n    <span class=\"main-line\" style=\"\"><\/span>\n    <div class=\"mkd-workflow-item mkd-subtitle-custom\">\n    <span class=\"line\" style=\"\"><\/span>\n    <div class=\"mkd-workflow-item-inner reverse\">\n        <div class=\"mkd-workflow-image center\">\n            <img loading=\"lazy\" decoding=\"async\" width=\"700\" height=\"350\" src=\"https:\/\/cachacatoneldeminas.com.br\/wp-content\/uploads\/2020\/07\/LINHA_1.jpg\" class=\"attachment-full size-full\" alt=\"\" srcset=\"https:\/\/cachacatoneldeminas.com.br\/wp-content\/uploads\/2020\/07\/LINHA_1.jpg 700w, https:\/\/cachacatoneldeminas.com.br\/wp-content\/uploads\/2020\/07\/LINHA_1-300x150.jpg 300w, https:\/\/cachacatoneldeminas.com.br\/wp-content\/uploads\/2020\/07\/LINHA_1-600x300.jpg 600w\" sizes=\"auto, (max-width: 700px) 100vw, 700px\" \/>        <\/div>\n        <div class=\"mkd-workflow-text\">\n\t                        <span class=\"circle\" style=\"\">\n                    1985                <\/span>\n\t        \t                                    <h2 style=\"text-transform: capitalize\">Beginning<\/h2>\n                                        <p class=\"text\">Our history began in 1985 as a small Artisanal Distillery on the \"Casa Nova\" farm, owned by our founder Mr. Gl\u00e1ucio Augusto de Souza, located in the rural area of Lavras, southern Minas Gerais. The distillery underwent improvements in its infrastructure to increase production capacity.<\/p>\n                                    <\/div>\n    <\/div>\n<\/div><div class=\"mkd-workflow-item mkd-subtitle-custom\">\n    <span class=\"line\" style=\"\"><\/span>\n    <div class=\"mkd-workflow-item-inner\">\n        <div class=\"mkd-workflow-image center\">\n            <img loading=\"lazy\" decoding=\"async\" width=\"700\" height=\"350\" src=\"https:\/\/cachacatoneldeminas.com.br\/wp-content\/uploads\/2020\/07\/LINHA_2.jpg\" class=\"attachment-full size-full\" alt=\"\" srcset=\"https:\/\/cachacatoneldeminas.com.br\/wp-content\/uploads\/2020\/07\/LINHA_2.jpg 700w, https:\/\/cachacatoneldeminas.com.br\/wp-content\/uploads\/2020\/07\/LINHA_2-300x150.jpg 300w, https:\/\/cachacatoneldeminas.com.br\/wp-content\/uploads\/2020\/07\/LINHA_2-600x300.jpg 600w\" sizes=\"auto, (max-width: 700px) 100vw, 700px\" \/>        <\/div>\n        <div class=\"mkd-workflow-text\">\n\t                        <span class=\"circle\" style=\"\">\n                    1995                <\/span>\n\t        \t                                    <h2 style=\"text-transform: none\">``Gl\u00e1ucio's Cacha\u00e7a``<\/h2>\n                                        <p class=\"text\">Production started in a simple manner. However, due to its quality, the beverage quickly became well-known in the city of Lavras as the famous \"Gl\u00e1ucio's Cacha\u00e7a\". As a result, it was necessary to expand the distillery to meet the market demand.<\/p>\n                                    <\/div>\n    <\/div>\n<\/div><div class=\"mkd-workflow-item mkd-subtitle-custom\">\n    <span class=\"line\" style=\"\"><\/span>\n    <div class=\"mkd-workflow-item-inner reverse\">\n        <div class=\"mkd-workflow-image center\">\n            <img loading=\"lazy\" decoding=\"async\" width=\"700\" height=\"350\" src=\"https:\/\/cachacatoneldeminas.com.br\/wp-content\/uploads\/2020\/07\/LINHA_3.jpg\" class=\"attachment-full size-full\" alt=\"\" srcset=\"https:\/\/cachacatoneldeminas.com.br\/wp-content\/uploads\/2020\/07\/LINHA_3.jpg 700w, https:\/\/cachacatoneldeminas.com.br\/wp-content\/uploads\/2020\/07\/LINHA_3-300x150.jpg 300w, https:\/\/cachacatoneldeminas.com.br\/wp-content\/uploads\/2020\/07\/LINHA_3-600x300.jpg 600w\" sizes=\"auto, (max-width: 700px) 100vw, 700px\" \/>        <\/div>\n        <div class=\"mkd-workflow-text\">\n\t                        <span class=\"circle\" style=\"\">\n                    2011                <\/span>\n\t        \t                                    <h2 style=\"text-transform: none\">``Tonel de Minas``<\/h2>\n                                        <p class=\"text\">In 2010, our small cacha\u00e7a distillery transformed into a company, requiring a higher level of professionalism. In 2011, Andr\u00e9 Lu\u00eds Chalfoun de Souza, son of Mr. Gl\u00e1ucio Augusto, began the process of registering the brand \"Tonel de Minas,\" a name that has accompanied our cacha\u00e7a since the beginning of our production.<\/p>\n                                    <\/div>\n    <\/div>\n<\/div><div class=\"mkd-workflow-item mkd-subtitle-custom\">\n    <span class=\"line\" style=\"\"><\/span>\n    <div class=\"mkd-workflow-item-inner\">\n        <div class=\"mkd-workflow-image center\">\n            <img loading=\"lazy\" decoding=\"async\" width=\"700\" height=\"350\" src=\"https:\/\/cachacatoneldeminas.com.br\/wp-content\/uploads\/2020\/07\/LINHA_4.jpg\" class=\"attachment-full size-full\" alt=\"\" srcset=\"https:\/\/cachacatoneldeminas.com.br\/wp-content\/uploads\/2020\/07\/LINHA_4.jpg 700w, https:\/\/cachacatoneldeminas.com.br\/wp-content\/uploads\/2020\/07\/LINHA_4-300x150.jpg 300w, https:\/\/cachacatoneldeminas.com.br\/wp-content\/uploads\/2020\/07\/LINHA_4-600x300.jpg 600w\" sizes=\"auto, (max-width: 700px) 100vw, 700px\" \/>        <\/div>\n        <div class=\"mkd-workflow-text\">\n\t                        <span class=\"circle\" style=\"\">\n                    2012                <\/span>\n\t        \t                                    <h2 style=\"text-transform: capitalize\">New direction<\/h2>\n                                        <p class=\"text\">In late 2012, following his father Mr. Gl\u00e1ucio's passion for the brand, Andr\u00e9 Lu\u00eds took over the direction of our distillery. Tonel de Minas embarked on a new path, while still honoring the tradition passed down through generations. The raw material for production was changed to a higher quality and more profitable sugarcane, which began to be cultivated in the fields of our farm.<\/p>\n                                    <\/div>\n    <\/div>\n<\/div><div class=\"mkd-workflow-item\">\n    <span class=\"line\" style=\"\"><\/span>\n    <div class=\"mkd-workflow-item-inner reverse\">\n        <div class=\"mkd-workflow-image center\">\n            <img loading=\"lazy\" decoding=\"async\" width=\"700\" height=\"350\" src=\"https:\/\/cachacatoneldeminas.com.br\/wp-content\/uploads\/2020\/07\/LINHA_5.jpg\" class=\"attachment-full size-full\" alt=\"\" srcset=\"https:\/\/cachacatoneldeminas.com.br\/wp-content\/uploads\/2020\/07\/LINHA_5.jpg 700w, https:\/\/cachacatoneldeminas.com.br\/wp-content\/uploads\/2020\/07\/LINHA_5-300x150.jpg 300w, https:\/\/cachacatoneldeminas.com.br\/wp-content\/uploads\/2020\/07\/LINHA_5-600x300.jpg 600w\" sizes=\"auto, (max-width: 700px) 100vw, 700px\" \/>        <\/div>\n        <div class=\"mkd-workflow-text\">\n\t                        <span class=\"circle\" style=\"\">\n                    2014                <\/span>\n\t        \t                                    <h2 style=\"text-transform: none\">Progress<\/h2>\n                                        <p class=\"text\">In 2014, significant expansions were made to our production facilities, and Tonel de Minas began utilizing two copper stills for production. This allowed us to operate in a more structured and modern environment, with increased storage space for the final product in barrels. Furthermore, there was a focus on specialized labor to further enhance our production process.<\/p>\n                                    <\/div>\n    <\/div>\n<\/div><div class=\"mkd-workflow-item\">\n    <span class=\"line\" style=\"\"><\/span>\n    <div class=\"mkd-workflow-item-inner\">\n        <div class=\"mkd-workflow-image center\">\n            <img loading=\"lazy\" decoding=\"async\" width=\"700\" height=\"350\" src=\"https:\/\/cachacatoneldeminas.com.br\/wp-content\/uploads\/2020\/07\/LINHA_6.jpg\" class=\"attachment-full size-full\" alt=\"\" srcset=\"https:\/\/cachacatoneldeminas.com.br\/wp-content\/uploads\/2020\/07\/LINHA_6.jpg 700w, https:\/\/cachacatoneldeminas.com.br\/wp-content\/uploads\/2020\/07\/LINHA_6-300x150.jpg 300w, https:\/\/cachacatoneldeminas.com.br\/wp-content\/uploads\/2020\/07\/LINHA_6-600x300.jpg 600w\" sizes=\"auto, (max-width: 700px) 100vw, 700px\" \/>        <\/div>\n        <div class=\"mkd-workflow-text\">\n\t                        <span class=\"circle\" style=\"\">\n                    2018                <\/span>\n\t        \t                                    <h2 style=\"text-transform: none\">New products<\/h2>\n                                        <p class=\"text\">In 2018, remaining committed to the tradition of producing high-quality cacha\u00e7as, Tonel de Minas embarked on a study for a new line of beverages. This line aimed to offer smooth and sweet flavors with distinctive tastes from our Brazil. Thus, the flavored cacha\u00e7as were born, including banana, coffee, a\u00e7a\u00ed, clove and cinnamon, and the Blue Uaice cacha\u00e7a.<\/p>\n                                    <\/div>\n    <\/div>\n<\/div><div class=\"mkd-workflow-item\">\n    <span class=\"line\" style=\"\"><\/span>\n    <div class=\"mkd-workflow-item-inner reverse\">\n        <div class=\"mkd-workflow-image center\">\n            <img loading=\"lazy\" decoding=\"async\" width=\"700\" height=\"350\" src=\"https:\/\/cachacatoneldeminas.com.br\/wp-content\/uploads\/2020\/07\/LINHA_8.jpg\" class=\"attachment-full size-full\" alt=\"\" srcset=\"https:\/\/cachacatoneldeminas.com.br\/wp-content\/uploads\/2020\/07\/LINHA_8.jpg 700w, https:\/\/cachacatoneldeminas.com.br\/wp-content\/uploads\/2020\/07\/LINHA_8-300x150.jpg 300w, https:\/\/cachacatoneldeminas.com.br\/wp-content\/uploads\/2020\/07\/LINHA_8-600x300.jpg 600w\" sizes=\"auto, (max-width: 700px) 100vw, 700px\" \/>        <\/div>\n        <div class=\"mkd-workflow-text\">\n\t                        <span class=\"circle\" style=\"\">\n                    2019                <\/span>\n\t        \t                                    <h2 style=\"text-transform: none\">Brand modernization<\/h2>\n                                        <p class=\"text\">With the involvement of the third generation of the family, Andr\u00e9 Lu\u00eds's children and Mr. Gl\u00e1ucio's grandchildren, Lucas and La\u00eds, Tonel de Minas began a process of modernizing the entire visual identity of the brand in 2019, while still retaining our proud roots.<\/p>\n                                    <\/div>\n    <\/div>\n<\/div><div class=\"mkd-workflow-item\">\n    <span class=\"line\" style=\"\"><\/span>\n    <div class=\"mkd-workflow-item-inner\">\n        <div class=\"mkd-workflow-image center\">\n            <img loading=\"lazy\" decoding=\"async\" width=\"700\" height=\"350\" src=\"https:\/\/cachacatoneldeminas.com.br\/wp-content\/uploads\/2020\/07\/LINHA_7.jpg\" class=\"attachment-full size-full\" alt=\"\" srcset=\"https:\/\/cachacatoneldeminas.com.br\/wp-content\/uploads\/2020\/07\/LINHA_7.jpg 700w, https:\/\/cachacatoneldeminas.com.br\/wp-content\/uploads\/2020\/07\/LINHA_7-300x150.jpg 300w, https:\/\/cachacatoneldeminas.com.br\/wp-content\/uploads\/2020\/07\/LINHA_7-600x300.jpg 600w\" sizes=\"auto, (max-width: 700px) 100vw, 700px\" \/>        <\/div>\n        <div class=\"mkd-workflow-text\">\n\t                        <span class=\"circle\" style=\"\">\n                    2020                <\/span>\n\t        \t                                    <h2 style=\"text-transform: none\">New line<\/h2>\n                                        <p class=\"text\">In 2020, aiming for a wider rage of tastes, Tonel de Minas added the cacha\u00e7as in the versions of Rel\u00edquia, Ouro, and Prata to its product range. Our story doesn't end here. The dream of bringing the national tradition and the quality of our products to consumers is just beginning. With pride, dedication, and responsibility from our family to yours!<\/p>\n                                    <\/div>\n    <\/div>\n<\/div><\/div><\/div><\/div><\/div><\/div><\/div><\/div>","protected":false},"excerpt":{"rendered":"1985 In\u00edcio Nossa hist\u00f3ria teve in\u00edcio em 1985 como um pequeno Alambique Artesanal na fazenda \u201cCasa Nova\u201d, do nosso fundador Sr. Gl\u00e1ucio Augusto de Souza, localizada na zona rural de Lavras, sul de Minas Gerais. O Alambique passou por melhorias [...]","protected":false},"author":1,"featured_media":0,"parent":0,"menu_order":0,"comment_status":"closed","ping_status":"closed","template":"full-width.php","meta":{"om_disable_all_campaigns":false,"_monsterinsights_skip_tracking":false,"_monsterinsights_sitenote_active":false,"_monsterinsights_sitenote_note":"","_monsterinsights_sitenote_category":0,"footnotes":""},"class_list":["post-781","page","type-page","status-publish","hentry"],"aioseo_notices":[],"_links":{"self":[{"href":"https:\/\/cachacatoneldeminas.com.br\/en\/wp-json\/wp\/v2\/pages\/781","targetHints":{"allow":["GET"]}}],"collection":[{"href":"https:\/\/cachacatoneldeminas.com.br\/en\/wp-json\/wp\/v2\/pages"}],"about":[{"href":"https:\/\/cachacatoneldeminas.com.br\/en\/wp-json\/wp\/v2\/types\/page"}],"author":[{"embeddable":true,"href":"https:\/\/cachacatoneldeminas.com.br\/en\/wp-json\/wp\/v2\/users\/1"}],"replies":[{"embeddable":true,"href":"https:\/\/cachacatoneldeminas.com.br\/en\/wp-json\/wp\/v2\/comments?post=781"}],"version-history":[{"count":12,"href":"https:\/\/cachacatoneldeminas.com.br\/en\/wp-json\/wp\/v2\/pages\/781\/revisions"}],"predecessor-version":[{"id":3263,"href":"https:\/\/cachacatoneldeminas.com.br\/en\/wp-json\/wp\/v2\/pages\/781\/revisions\/3263"}],"wp:attachment":[{"href":"https:\/\/cachacatoneldeminas.com.br\/en\/wp-json\/wp\/v2\/media?parent=781"}],"curies":[{"name":"wp","href":"https:\/\/api.w.org\/{rel}","templated":true}]}}