{"id":884,"date":"2020-07-17T09:35:58","date_gmt":"2020-07-17T12:35:58","guid":{"rendered":"http:\/\/grillandchow.mikado-themes.com\/?post_type=product&#038;p=884"},"modified":"2025-09-22T14:12:09","modified_gmt":"2025-09-22T17:12:09","slug":"cachaca-acai","status":"publish","type":"product","link":"https:\/\/cachacatoneldeminas.com.br\/en\/product\/cachaca-acai\/","title":{"rendered":"Sabores do Brasil: A\u00e7a\u00ed"},"content":{"rendered":"","protected":false},"excerpt":{"rendered":"<p>Alcohol content: 22% ABV<br \/>\nThe fruit from the Amazon rainforest that has won the hearts of Brazil couldn't be left out of our Sabores do Brasil (Flavors of Brazil) line. Introducing \"Tonel de Minas A\u00e7a\u00ed-flavored cacha\u00e7a,\" made with natural a\u00e7a\u00ed pulp.<\/p>","protected":false},"featured_media":2960,"comment_status":"closed","ping_status":"closed","template":"","meta":{"om_disable_all_campaigns":false,"_monsterinsights_skip_tracking":false,"_monsterinsights_sitenote_active":false,"_monsterinsights_sitenote_note":"","_monsterinsights_sitenote_category":0},"product_brand":[],"product_cat":[156],"product_tag":[],"class_list":{"0":"post-884","1":"product","2":"type-product","3":"status-publish","4":"has-post-thumbnail","6":"product_cat-sabores-do-brasil","8":"first","9":"outofstock","10":"taxable","11":"shipping-taxable","12":"purchasable","13":"product-type-simple"},"aioseo_notices":[],"_links":{"self":[{"href":"https:\/\/cachacatoneldeminas.com.br\/en\/wp-json\/wp\/v2\/product\/884","targetHints":{"allow":["GET"]}}],"collection":[{"href":"https:\/\/cachacatoneldeminas.com.br\/en\/wp-json\/wp\/v2\/product"}],"about":[{"href":"https:\/\/cachacatoneldeminas.com.br\/en\/wp-json\/wp\/v2\/types\/product"}],"replies":[{"embeddable":true,"href":"https:\/\/cachacatoneldeminas.com.br\/en\/wp-json\/wp\/v2\/comments?post=884"}],"wp:featuredmedia":[{"embeddable":true,"href":"https:\/\/cachacatoneldeminas.com.br\/en\/wp-json\/wp\/v2\/media\/2960"}],"wp:attachment":[{"href":"https:\/\/cachacatoneldeminas.com.br\/en\/wp-json\/wp\/v2\/media?parent=884"}],"wp:term":[{"taxonomy":"product_brand","embeddable":true,"href":"https:\/\/cachacatoneldeminas.com.br\/en\/wp-json\/wp\/v2\/product_brand?post=884"},{"taxonomy":"product_cat","embeddable":true,"href":"https:\/\/cachacatoneldeminas.com.br\/en\/wp-json\/wp\/v2\/product_cat?post=884"},{"taxonomy":"product_tag","embeddable":true,"href":"https:\/\/cachacatoneldeminas.com.br\/en\/wp-json\/wp\/v2\/product_tag?post=884"}],"curies":[{"name":"wp","href":"https:\/\/api.w.org\/{rel}","templated":true}]}}